{"id":1267,"date":"2026-03-05T13:15:28","date_gmt":"2026-03-05T12:15:28","guid":{"rendered":"https:\/\/www.asylanwalt.at\/?page_id=1267"},"modified":"2026-03-05T14:06:41","modified_gmt":"2026-03-05T13:06:41","slug":"impressum","status":"publish","type":"page","link":"https:\/\/www.asylanwalt.at\/en\/impressum\/","title":{"rendered":"Impressum"},"content":{"rendered":"\t\t<div data-elementor-type=\"wp-page\" data-elementor-id=\"1267\" class=\"elementor elementor-1267 elementor-1251\">\n\t\t\t\t<div class=\"elementor-element elementor-element-a573ec2 e-flex e-con-boxed parallax_section_no qode_elementor_container_no e-con e-parent\" data-id=\"a573ec2\" data-element_type=\"container\" data-e-type=\"container\">\n\t\t\t\t\t<div class=\"e-con-inner\">\n\t\t\t\t<div class=\"elementor-element elementor-element-a9c78b3 elementor-widget elementor-widget-text-editor\" data-id=\"a9c78b3\" data-element_type=\"widget\" data-e-type=\"widget\" data-widget_type=\"text-editor.default\">\n\t\t\t\t\t\t\t\t\t<h2><br \/>Impressum gem\u00e4\u00df \u00a7 24 Abs 3 Mediengesetz<\/h2><h3>Medieninhaber und Herausgeber<\/h3><p>Caritas \u00d6sterreich<br \/>Storchengasse 1\/E1 05<br \/>Tel. +43 1 48831 &#8211; 400<br \/><a href=\"mailto:office@caritas-austria.at\">office@caritas-austria.at<\/a><br \/><a href=\"mailto:office@asylanwalt.at\">office@asylanwalt.at<\/a><\/p><p>DVR-Nr. 0602 329<\/p><h2>Webmaster, Webdesign:<\/h2><p><a href=\"https:\/\/smoonr.com\/\" target=\"_blank\" rel=\"noopener\">smoonr<\/a> und <a href=\"https:\/\/www.weberhofer.at\/de\/\" target=\"_blank\" rel=\"noopener\">Webhofer<\/a>\u00a0<\/p><h2>Grundlegende Richtung<\/h2><p>Die Partnerorganisationen und Anw\u00e4lt*innen arbeiten im Rahmen des Netzwerk AsylAnw\u00e4lt*innen zusammen, um Grundsatzjudikatur im Bereich des \u00f6sterreichischen Asyl- und Migrationsrechts zu erwirken, und so den Rechtsschutz von Gefl\u00fcchteten in \u00d6sterreich zu wahren und die St\u00e4rkung des Rechtsstaates zu unterst\u00fctzen.<\/p><h2>F\u00fcr den Inhalt verantwortlich:<\/h2><p>Caritas \u00d6sterreich (Koordination des Netzwerk AsylAnw\u00e4lt*innen)<\/p><h3>Bildrechte und Lizenzen:<\/h3><p>Alle verwendeten Bildmaterialen und Lizenzen unterliegen dem Eigentum der Caritas, sofern nicht anders angef\u00fchrt. Eine Vervielf\u00e4ltigung oder andersartige Verwendung obliegt der Zustimmung des Medieneigent\u00fcmers.<\/p><h2>Haftungsausschluss:<\/h2><p>Wir pr\u00fcfen und aktualisieren alle Informationen, die wir auf unserer Website zur Verf\u00fcgung stellen, kontinuierlich. Dennoch k\u00f6nnen sich manche Angaben zwischenzeitlich ge\u00e4ndert haben oder obsolet sein. Eine Haftung oder Garantie f\u00fcr die Aktualit\u00e4t, Richtigkeit und Vollst\u00e4ndigkeit der zur Verf\u00fcgung gestellten Informationen kann aus diesen Gr\u00fcnden nicht \u00fcbernommen werden. <br \/>Es wird keine Verantwortung, Haftung oder Gew\u00e4hr hinsichtlich der Inhalte oder Gestaltung von Webseiten \u00fcbernommen, auf die mittels Hyperlink verwiesen wird. Sollte ein Link auf eine Webseite verweisen, die gesetzwidrige oder sittenwidrige Inhalte beinhaltet, bitten wir, uns umgehend davon in Kenntnis zu setzen. Wir werden unverz\u00fcglich die Entfernung dieses Links veranlassen.<\/p><p>\u00a0<\/p><p>\u00a0<\/p>\t\t\t\t\t\t\t\t<\/div>\n\t\t\t\t\t<\/div>\n\t\t\t\t<\/div>\n\t\t\t\t<\/div>\n\t\t","protected":false},"excerpt":{"rendered":"<p>Impressum gem\u00e4\u00df \u00a7 24 Abs 3 Mediengesetz Medieninhaber und Herausgeber Caritas \u00d6sterreich Storchengasse 1\/E1 05 Tel. +43 1 48831 &#8211; 400 office@caritas-austria.at office@asylanwalt.at DVR-Nr. 0602 329 Webmaster, Webdesign: smoonr und Webhofer Grundlegende Richtung Die Partnerorganisationen und Anw\u00e4lt*innen arbeiten im Rahmen des Netzwerk AsylAnw\u00e4lt*innen zusammen, um&#8230;<\/p>\n","protected":false},"author":1,"featured_media":0,"parent":0,"menu_order":0,"comment_status":"closed","ping_status":"closed","template":"","meta":{"footnotes":""},"class_list":["post-1267","page","type-page","status-publish","hentry"],"_links":{"self":[{"href":"https:\/\/www.asylanwalt.at\/en\/wp-json\/wp\/v2\/pages\/1267","targetHints":{"allow":["GET"]}}],"collection":[{"href":"https:\/\/www.asylanwalt.at\/en\/wp-json\/wp\/v2\/pages"}],"about":[{"href":"https:\/\/www.asylanwalt.at\/en\/wp-json\/wp\/v2\/types\/page"}],"author":[{"embeddable":true,"href":"https:\/\/www.asylanwalt.at\/en\/wp-json\/wp\/v2\/users\/1"}],"replies":[{"embeddable":true,"href":"https:\/\/www.asylanwalt.at\/en\/wp-json\/wp\/v2\/comments?post=1267"}],"version-history":[{"count":1,"href":"https:\/\/www.asylanwalt.at\/en\/wp-json\/wp\/v2\/pages\/1267\/revisions"}],"predecessor-version":[{"id":1268,"href":"https:\/\/www.asylanwalt.at\/en\/wp-json\/wp\/v2\/pages\/1267\/revisions\/1268"}],"wp:attachment":[{"href":"https:\/\/www.asylanwalt.at\/en\/wp-json\/wp\/v2\/media?parent=1267"}],"curies":[{"name":"wp","href":"https:\/\/api.w.org\/{rel}","templated":true}]}}